{"id":1002,"date":"2021-04-23T11:08:15","date_gmt":"2021-04-23T08:08:15","guid":{"rendered":"https:\/\/body.nsp25.md\/product\/calcium-magnesium-chelate-kalcij-magnij-helat"},"modified":"2026-03-10T18:45:49","modified_gmt":"2026-03-10T16:45:49","slug":"calcium-magnesium-chelate-kalcij-magnij-helat","status":"publish","type":"product","link":"https:\/\/body.nsp25.md\/ro\/produs\/calcium-magnesium-chelate-kalcij-magnij-helat","title":{"rendered":"Chelat de calciu \u0219i magneziu - Chelat de calciu \u0219i magneziu"},"content":{"rendered":"","protected":false},"excerpt":{"rendered":"[trp_language language=\"ru_RU\"]\n<ul>\n<li>Normalizeaz\u0103 procesele naturale de regenerare ale \u021besuturilor cartilaginoase \u0219i osoase;<\/li>\n<li>\u00cempiedic\u0103 dezvoltarea modific\u0103rilor degenerative legate de v\u00e2rst\u0103 ale sistemului musculo-scheletic;<\/li>\n<li>Restabile\u0219te elasticitatea \u0219i rezisten\u021ba arterelor, venelor, capilarelor;<\/li>\n<li>Normalizeaz\u0103 procesele de coagulare a s\u00e2ngelui;<\/li>\n<li>Regleaz\u0103 activitatea sistemului nervos \u0219i cre\u0219te rezisten\u021ba la stres.<\/li>\n<\/ul>\n<p>[\/trp_language]<\/p>\n<ul>\n<li>Contribuie la formarea si regenerarea tesutului osos<\/li>\n<li>Intareste peretii vaselor sangvine<\/li>\n<li>Normalizeaza functiile sistemului nervos, amelioreaza trecerea impulsurilor nervoase<\/li>\n<li>Normalizeaza procesele de coagulare a singelui<\/li>\n<\/ul>\n<p>[\/trp_language]<\/p>","protected":false},"featured_media":49409,"template":"","meta":[],"product_brand":[],"product_cat":[114,147,109,110,137,145,157,111,139,156],"product_tag":[117,123,151,148,143,152],"class_list":{"0":"post-1002","1":"product","2":"type-product","3":"status-publish","4":"has-post-thumbnail","6":"product_cat-nervnaja","7":"product_cat-sportivnoe-pitanie","8":"product_cat-fitoprodukty","9":"product_cat-zdorovoe-pitanie","10":"product_cat-vitaminy-mineraly-i-kompleksy","11":"product_cat-dlja-razvitija-rebenka","12":"product_cat-sustavy-kosti-zuby","13":"product_cat-sistemy-organizma","14":"product_cat-kozha-volosy-nogti","15":"product_cat-oporno-dvigatelnaja-zuby","16":"product_tag-bad","17":"product_tag-vitaminnye-kompleksy","18":"product_tag-dlja-detej","19":"product_tag-dlja-podderzhanija-fizicheskoj-aktivnosti","20":"product_tag-kozha","21":"product_tag-oporno-dvigatelnaja-sistema","23":"first","24":"instock","25":"sale","26":"shipping-taxable","27":"purchasable","28":"product-type-simple"},"_links":{"self":[{"href":"https:\/\/body.nsp25.md\/ro\/wp-json\/wp\/v2\/product\/1002","targetHints":{"allow":["GET"]}}],"collection":[{"href":"https:\/\/body.nsp25.md\/ro\/wp-json\/wp\/v2\/product"}],"about":[{"href":"https:\/\/body.nsp25.md\/ro\/wp-json\/wp\/v2\/types\/product"}],"wp:featuredmedia":[{"embeddable":true,"href":"https:\/\/body.nsp25.md\/ro\/wp-json\/wp\/v2\/media\/49409"}],"wp:attachment":[{"href":"https:\/\/body.nsp25.md\/ro\/wp-json\/wp\/v2\/media?parent=1002"}],"wp:term":[{"taxonomy":"product_brand","embeddable":true,"href":"https:\/\/body.nsp25.md\/ro\/wp-json\/wp\/v2\/product_brand?post=1002"},{"taxonomy":"product_cat","embeddable":true,"href":"https:\/\/body.nsp25.md\/ro\/wp-json\/wp\/v2\/product_cat?post=1002"},{"taxonomy":"product_tag","embeddable":true,"href":"https:\/\/body.nsp25.md\/ro\/wp-json\/wp\/v2\/product_tag?post=1002"}],"curies":[{"name":"wp","href":"https:\/\/api.w.org\/{rel}","templated":true}]}}